{"id":11,"date":"2025-08-20T11:42:45","date_gmt":"2025-08-20T11:42:45","guid":{"rendered":"http:\/\/faicat.in.net\/?page_id=11"},"modified":"2026-01-26T13:36:32","modified_gmt":"2026-01-26T13:36:32","slug":"trang-chu","status":"publish","type":"page","link":"https:\/\/faicat.in.net\/","title":{"rendered":"J88"},"content":{"rendered":"<div class=\"slider-wrapper relative\" id=\"slider-789406195\" >\n<div class=\"slider slider-nav-circle slider-nav-large slider-nav-light slider-style-normal\"\n        data-flickity-options='{\n            \"cellAlign\": \"center\",\n            \"imagesLoaded\": true,\n            \"lazyLoad\": 1,\n            \"freeScroll\": false,\n            \"wrapAround\": true,\n            \"autoPlay\": 1000,\n            \"pauseAutoPlayOnHover\" : true,\n            \"prevNextButtons\": true,\n            \"contain\" : true,\n            \"adaptiveHeight\" : true,\n            \"dragThreshold\" : 10,\n            \"percentPosition\": true,\n            \"pageDots\": true,\n            \"rightToLeft\": false,\n            \"draggable\": true,\n            \"selectedAttraction\": 0.1,\n            \"parallax\" : 0,\n            \"friction\": 0.6        }'\n        ><\/p>\n<div class=\"img has-hover x md-x lg-x y md-y lg-y\" id=\"image_1335069920\">\n<div class=\"img-inner dark\" >\n\t\t\t<img loading=\"lazy\" decoding=\"async\" width=\"1800\" height=\"525\" src=\"https:\/\/faicat.in.net\/wp-content\/uploads\/2025\/10\/dang-ky-tai-khoan-tang-88k-mien-phi.jpg\" class=\"attachment-original size-original\" alt=\"\" srcset=\"https:\/\/faicat.in.net\/wp-content\/uploads\/2025\/10\/dang-ky-tai-khoan-tang-88k-mien-phi.jpg 1800w, https:\/\/faicat.in.net\/wp-content\/uploads\/2025\/10\/dang-ky-tai-khoan-tang-88k-mien-phi-300x88.jpg 300w, https:\/\/faicat.in.net\/wp-content\/uploads\/2025\/10\/dang-ky-tai-khoan-tang-88k-mien-phi-1024x299.jpg 1024w, https:\/\/faicat.in.net\/wp-content\/uploads\/2025\/10\/dang-ky-tai-khoan-tang-88k-mien-phi-768x224.jpg 768w, https:\/\/faicat.in.net\/wp-content\/uploads\/2025\/10\/dang-ky-tai-khoan-tang-88k-mien-phi-1536x448.jpg 1536w\" sizes=\"auto, (max-width: 1800px) 100vw, 1800px\" \/>\n\t\t\t\t\t<\/div>\n<style>\n#image_1335069920 {\n  width: 100%;\n}\n<\/style>\n<\/p>\n<\/div>\n<\/div>\n<div class=\"loading-spin dark large centered\"><\/div>\n<\/p>\n<\/div>\n<div id=\"gap-1302521584\" class=\"gap-element clearfix\" style=\"display:block; height:auto;\">\n<style>\n#gap-1302521584 {\n  padding-top: 20px;\n}\n<\/style>\n<\/p>\n<\/div>\n<div id=\"gap-1467918467\" class=\"gap-element clearfix\" style=\"display:block; height:auto;\">\n<style>\n#gap-1467918467 {\n  padding-top: 20px;\n}\n<\/style>\n<\/p>\n<\/div>\n<div class=\"row\"  id=\"row-1849596374\">\n<div id=\"col-536745969\" class=\"col small-12 large-12\"  >\n<div class=\"col-inner\"  >\n<h1 style=\"text-align: center;\"><b>J88 &#8211; Link V\u00e0o Trang Ch\u1ee7 Nh\u00e0 C\u00e1i Ch\u00ednh Th\u1ee9c | Nh\u1eadn Ngay 88K<\/b><\/h1>\n<p><span style=\"font-weight: 400;\">Ra \u0111\u1eddi t\u1eeb n\u0103m 2016, <a href=\"https:\/\/faicat.in.net\/\"><strong>J88<\/strong><\/a> \u0111\u00e3 nhanh ch\u00f3ng tr\u1edf th\u00e0nh nh\u00e0 c\u00e1i gi\u1ea3i tr\u00ed uy t\u00edn h\u00e0ng \u0111\u1ea7u ch\u00e2u \u00c1. D\u01b0\u1edbi s\u1ef1 qu\u1ea3n l\u00fd c\u1ee7a li\u00ean minh ABCVIP v\u00e0 gi\u00e1m s\u00e1t nghi\u00eam ng\u1eb7t b\u1edfi PAGCOR, ch\u00fang t\u00f4i h\u1ee9a h\u1eb9n s\u1ebd mang \u0111\u1ebfn nh\u1eefng gi\u00e2y ph\u00fat c\u00e1 c\u01b0\u1ee3c tr\u1ef1c tuy\u1ebfn an to\u00e0n, minh b\u1ea1ch v\u00e0 \u0111a d\u1ea1ng, thu h\u00fat h\u00e0ng tri\u1ec7u ng\u01b0\u1eddi ch\u01a1i m\u1ed7i n\u0103m.<\/span><\/p>\n<h2><b>B\u1ed1i c\u1ea3nh ra \u0111\u1eddi c\u1ee7a J88<\/b><\/h2>\n<figure id=\"attachment_77\" aria-describedby=\"caption-attachment-77\" style=\"width: 800px\" class=\"wp-caption aligncenter\"><img loading=\"lazy\" decoding=\"async\" class=\"size-full wp-image-77\" src=\"https:\/\/faicat.in.net\/wp-content\/uploads\/2025\/11\/j88-ten-tuoi.webp\" alt=\"Hi\u1ec7n nay, J88 \u0111\u00e3 kh\u1eb3ng \u0111\u1ecbnh t\u00ean tu\u1ed5i v\u00e0 v\u1ecb th\u1ebf tr\u00ean th\u1ecb tr\u01b0\u1eddng\" width=\"800\" height=\"400\" srcset=\"https:\/\/faicat.in.net\/wp-content\/uploads\/2025\/11\/j88-ten-tuoi.webp 800w, https:\/\/faicat.in.net\/wp-content\/uploads\/2025\/11\/j88-ten-tuoi-300x150.webp 300w, https:\/\/faicat.in.net\/wp-content\/uploads\/2025\/11\/j88-ten-tuoi-768x384.webp 768w\" sizes=\"auto, (max-width: 800px) 100vw, 800px\" \/><figcaption id=\"caption-attachment-77\" class=\"wp-caption-text\">Hi\u1ec7n nay, J88 \u0111\u00e3 kh\u1eb3ng \u0111\u1ecbnh t\u00ean tu\u1ed5i v\u00e0 v\u1ecb th\u1ebf tr\u00ean th\u1ecb tr\u01b0\u1eddng<\/figcaption><\/figure>\n<p><span style=\"font-weight: 400;\">J88 ra \u0111\u1eddi v\u00e0o n\u0103m 2016, nhanh ch\u00f3ng kh\u1eb3ng \u0111\u1ecbnh v\u1ecb th\u1ebf uy t\u00edn t\u1ea1i th\u1ecb tr\u01b0\u1eddng c\u00e1 c\u01b0\u1ee3c ch\u00e2u \u00c1. \u0110\u01b0\u1ee3c qu\u1ea3n l\u00fd b\u1edfi li\u00ean minh gi\u1ea3i tr\u00ed ABCVIP v\u00e0 ho\u1ea1t \u0111\u1ed9ng h\u1ee3p ph\u00e1p d\u01b0\u1edbi gi\u1ea5y ph\u00e9p c\u1ee7a ch\u00ednh ph\u1ee7 Costa Rica, ch\u00fang t\u00f4i cam k\u1ebft mang \u0111\u1ebfn m\u00f4i tr\u01b0\u1eddng c\u00e1 c\u01b0\u1ee3c minh b\u1ea1ch, an to\u00e0n cho ng\u01b0\u1eddi ch\u01a1i.<\/span><\/p>\n<p><span style=\"font-weight: 400;\">T\u1ea5t c\u1ea3 c\u00e1c ho\u1ea1t \u0111\u1ed9ng \u0111\u1ec1u \u0111\u01b0\u1ee3c gi\u00e1m s\u00e1t nghi\u00eam ng\u1eb7t b\u1edfi PAGCOR, \u0111\u1ea3m b\u1ea3o tu\u00e2n th\u1ee7 c\u00e1c ti\u00eau chu\u1ea9n qu\u1ed1c t\u1ebf. Ngay t\u1eeb nh\u1eefng ng\u00e0y \u0111\u1ea7u, n\u1ec1n t\u1ea3ng \u0111\u00e3 ch\u00fa tr\u1ecdng x\u00e2y d\u1ef1ng h\u00ecnh \u1ea3nh chuy\u00ean nghi\u1ec7p v\u00e0 thu h\u00fat s\u1ef1 ch\u00fa \u00fd c\u1ee7a c\u1ed9ng \u0111\u1ed3ng ng\u01b0\u1eddi ch\u01a1i.<\/span><\/p>\n<p><span style=\"font-weight: 400;\">Nh\u1edd h\u1ee3p t\u00e1c v\u1edbi c\u00e1c \u0111\u1ea1i s\u1ee9 th\u01b0\u01a1ng hi\u1ec7u n\u1ed5i ti\u1ebfng, \u0111i\u1ec3n h\u00ecnh l\u00e0 c\u1ef1u danh th\u1ee7 David Villa \u0111\u00e3 g\u00f3p ph\u1ea7n n\u00e2ng t\u1ea7m th\u01b0\u01a1ng hi\u1ec7u v\u00e0 t\u1ea1o s\u1ef1 tin t\u01b0\u1edfng tuy\u1ec7t \u0111\u1ed1i cho ng\u01b0\u1eddi d\u00f9ng tr\u00ean to\u00e0n ch\u00e2u \u00c1.<\/span><\/p>\n<h2><b>Th\u1ed1ng k\u00ea l\u01b0\u1ee3t truy c\u1eadp kh\u1ee7ng c\u1ee7a c\u00e1c s\u1ea3nh c\u01b0\u1ee3c t\u1ea1i J88<\/b><\/h2>\n<p><span style=\"font-weight: 400;\">C\u00e1c s\u1ea3nh c\u01b0\u1ee3c t\u1ea1i J88 kh\u00f4ng ch\u1ec9 \u0111a d\u1ea1ng v\u1ec1 tr\u00f2 ch\u01a1i m\u00e0 c\u00f2n s\u1edf h\u1eefu l\u01b0\u1ee3ng truy c\u1eadp \u1ea5n t\u01b0\u1ee3ng h\u00e0ng th\u00e1ng. M\u1ed7i s\u1ea3nh game \u0111\u1ec1u thu h\u00fat h\u00e0ng tr\u0103m ngh\u00ecn ng\u01b0\u1eddi tham gia nh\u1edd tr\u1ea3i nghi\u1ec7m s\u1ed1ng \u0111\u1ed9ng, t\u1ef7 l\u1ec7 th\u1eafng h\u1ea5p d\u1eabn v\u00e0 kh\u00f4ng gian gi\u1ea3i tr\u00ed tr\u1ef1c tuy\u1ebfn ch\u1ea5t l\u01b0\u1ee3ng cao nh\u01b0 sau:<\/span><\/p>\n<table>\n<tbody>\n<tr>\n<td><b>S\u1ea3nh c\u01b0\u1ee3c<\/b><\/td>\n<td><b>\u0110\u1eb7c \u0111i\u1ec3m<\/b><\/td>\n<td><b>L\u01b0\u1ee3t truy c\u1eadp\/th\u00e1ng<\/b><\/td>\n<\/tr>\n<tr>\n<td><span style=\"font-weight: 400;\">Casino<\/span><\/td>\n<td><span style=\"font-weight: 400;\">Poker, R\u1ed3ng H\u1ed5, Baccarat, Sicbo, X\u00f3c \u0110\u0129a, Fantan v\u1edbi Dealer th\u1ef1c t\u1ebf xinh \u0111\u1eb9p<\/span><\/td>\n<td><span style=\"font-weight: 400;\">645,000<\/span><\/td>\n<\/tr>\n<tr>\n<td><span style=\"font-weight: 400;\">Th\u1ec3 thao<\/span><\/td>\n<td><span style=\"font-weight: 400;\">C\u00e1 c\u01b0\u1ee3c b\u00f3ng \u0111\u00e1, tennis, b\u00f3ng r\u1ed5, eSports; b\u1ea3ng k\u00e8o \u0111a d\u1ea1ng, t\u1ef7 l\u1ec7 cao<\/span><\/td>\n<td><span style=\"font-weight: 400;\">570,000<\/span><\/td>\n<\/tr>\n<tr>\n<td><span style=\"font-weight: 400;\">N\u1ed5 h\u0169<\/span><\/td>\n<td><span style=\"font-weight: 400;\">Jackpot l\u1edbn, \u0111a d\u1ea1ng game t\u1eeb c\u1ed5 \u0111i\u1ec3n \u0111\u1ebfn hi\u1ec7n \u0111\u1ea1i<\/span><\/td>\n<td><span style=\"font-weight: 400;\">520,000<\/span><\/td>\n<\/tr>\n<tr>\n<td><span style=\"font-weight: 400;\">B\u1eafn c\u00e1<\/span><\/td>\n<td><span style=\"font-weight: 400;\">H\u00f2a m\u00ecnh v\u00e0o \u0111\u1ea1i d\u01b0\u01a1ng v\u1edbi boss v\u00e0 ph\u1ea7n th\u01b0\u1edfng gi\u00e1 tr\u1ecb cao<\/span><\/td>\n<td><span style=\"font-weight: 400;\">505,000<\/span><\/td>\n<\/tr>\n<tr>\n<td><span style=\"font-weight: 400;\">X\u1ed5 s\u1ed1 online<\/span><\/td>\n<td><span style=\"font-weight: 400;\">H\u00ecnh th\u1ee9c truy\u1ec1n th\u1ed1ng v\u00e0 hi\u1ec7n \u0111\u1ea1i; linh ho\u1ea1t, t\u1ef7 l\u1ec7 th\u01b0\u1edfng h\u1ea5p d\u1eabn<\/span><\/td>\n<td><span style=\"font-weight: 400;\">500,645<\/span><\/td>\n<\/tr>\n<tr>\n<td><span style=\"font-weight: 400;\">\u0110\u00e1 g\u00e0 tr\u1ef1c tuy\u1ebfn<\/span><\/td>\n<td><span style=\"font-weight: 400;\">Nhi\u1ec1u h\u00ecnh th\u1ee9c \u0111a d\u1ea1ng g\u1ed3m Thomo, \u0111\u00e1 g\u00e0 \u0111\u00f2n, c\u1ef1a dao, c\u1ef1a s\u1eaft, Th\u00e1i Lan mang \u0111\u1ebfn gi\u00e2y ph\u00fat k\u1ecbch t\u00ednh, s\u1ed1ng \u0111\u1ed9ng<\/span><\/td>\n<td><span style=\"font-weight: 400;\">515,000<\/span><\/td>\n<\/tr>\n<tr>\n<td><span style=\"font-weight: 400;\">Game b\u00e0i \u0111\u1ed5i th\u01b0\u1edfng<\/span><\/td>\n<td><span style=\"font-weight: 400;\">Cung c\u1ea5p nhi\u1ec1u t\u1ef1a game b\u00e0i g\u1ed3m B\u00e0i C\u00e0o, X\u00ec D\u00e1ch, Poker v\u1edbi giao di\u1ec7n m\u01b0\u1ee3t m\u00e0, hi\u1ec7u \u1ee9ng b\u1eaft m\u1eaft<\/span><\/td>\n<td><span style=\"font-weight: 400;\">525,000<\/span><\/td>\n<\/tr>\n<\/tbody>\n<\/table>\n<h2><b>4 \u01afu th\u1ebf l\u1edbn m\u1ea1nh c\u1ee7a n\u1ec1n t\u1ea3ng game J88 so v\u1edbi c\u00e1c \u0111\u1ed1i th\u1ee7<\/b><\/h2>\n<p><span style=\"font-weight: 400;\">So v\u1edbi nhi\u1ec1u nh\u00e0 c\u00e1i kh\u00e1c tr\u00ean th\u1ecb tr\u01b0\u1eddng, J88 n\u1ed5i b\u1eadt nh\u1edd nh\u1eefng \u01b0u th\u1ebf v\u01b0\u1ee3t tr\u1ed9i, mang \u0111\u1ebfn tr\u1ea3i nghi\u1ec7m th\u00fa v\u1ecb. D\u01b0\u1edbi \u0111\u00e2y l\u00e0 nh\u1eefng y\u1ebfu t\u1ed1 t\u1ea1o n\u00ean s\u1ef1 kh\u00e1c bi\u1ec7t r\u00f5 r\u1ec7t, gi\u00fap bet th\u1ee7 lu\u00f4n mu\u1ed1n quay tr\u1edf l\u1ea1i:<\/span><\/p>\n<h3><b>C\u00f4ng ngh\u1ec7 b\u1ea3o m\u1eadt hi\u1ec7n \u0111\u1ea1i<\/b><\/h3>\n<figure id=\"attachment_73\" aria-describedby=\"caption-attachment-73\" style=\"width: 800px\" class=\"wp-caption aligncenter\"><img loading=\"lazy\" decoding=\"async\" class=\"size-full wp-image-73\" src=\"https:\/\/faicat.in.net\/wp-content\/uploads\/2025\/11\/j88-bao-mat.webp\" alt=\"B\u1ea3o m\u1eadt \u0111\u01b0\u1ee3c coi l\u00e0 y\u1ebfu t\u1ed1 quan tr\u1ecdng \u0111\u01b0\u1ee3c nh\u00e0 c\u00e1i \u01b0u ti\u00ean h\u00e0ng \u0111\u1ea7u\" width=\"800\" height=\"400\" srcset=\"https:\/\/faicat.in.net\/wp-content\/uploads\/2025\/11\/j88-bao-mat.webp 800w, https:\/\/faicat.in.net\/wp-content\/uploads\/2025\/11\/j88-bao-mat-300x150.webp 300w, https:\/\/faicat.in.net\/wp-content\/uploads\/2025\/11\/j88-bao-mat-768x384.webp 768w\" sizes=\"auto, (max-width: 800px) 100vw, 800px\" \/><figcaption id=\"caption-attachment-73\" class=\"wp-caption-text\">B\u1ea3o m\u1eadt \u0111\u01b0\u1ee3c coi l\u00e0 y\u1ebfu t\u1ed1 quan tr\u1ecdng \u0111\u01b0\u1ee3c nh\u00e0 c\u00e1i \u01b0u ti\u00ean h\u00e0ng \u0111\u1ea7u<\/figcaption><\/figure>\n<p><span style=\"font-weight: 400;\">T\u1ea1i J88, b\u1ea3o m\u1eadt lu\u00f4n \u0111\u01b0\u1ee3c \u0111\u1eb7t l\u00ean h\u00e0ng \u0111\u1ea7u v\u1edbi h\u1ec7 th\u1ed1ng m\u00e3 h\u00f3a SSL 256-bit gi\u00fap b\u1ea3o v\u1ec7 m\u1ecdi th\u00f4ng tin c\u00e1 nh\u00e2n v\u00e0 d\u1eef li\u1ec7u giao d\u1ecbch c\u1ee7a ng\u01b0\u1eddi ch\u01a1i. C\u00e1c giao d\u1ecbch n\u1ea1p r\u00fat ti\u1ec1n \u0111\u1ec1u \u0111\u01b0\u1ee3c gi\u00e1m s\u00e1t li\u00ean t\u1ee5c 24\/7, k\u1ebft h\u1ee3p v\u1edbi c\u00f4ng ngh\u1ec7 AI ch\u1ed1ng gian l\u1eadn, nhanh ch\u00f3ng ph\u00e1t hi\u1ec7n c\u00e1c h\u00e0nh vi b\u1ea5t th\u01b0\u1eddng.<\/span><\/p>\n<p><span style=\"font-weight: 400;\">Nh\u1edd \u0111\u00f3, bet th\u1ee7 ho\u00e0n to\u00e0n c\u00f3 th\u1ec3 y\u00ean t\u00e2m v\u1ec1 an to\u00e0n t\u00e0i kho\u1ea3n, th\u00f4ng tin c\u00e1 nh\u00e2n v\u00e0 c\u00e1c kho\u1ea3n ti\u1ec1n c\u01b0\u1ee3c. V\u1edbi h\u1ec7 th\u1ed1ng b\u1ea3o m\u1eadt n\u00e0y, nh\u00e0 c\u00e1i \u0111\u00e3 duy tr\u00ec \u0111\u01b0\u1ee3c uy t\u00edn v\u00e0 ni\u1ec1m tin t\u1eeb h\u00e0ng h\u00e0ng tr\u0103m ngh\u00ecn th\u00e0nh vi\u00ean m\u1ed7i th\u00e1ng.<\/span><\/p>\n<h3><b>T\u1ef7 l\u1ec7 k\u00e8o, ph\u1ea7n th\u01b0\u1edfng kh\u1ee7ng<\/b><\/h3>\n<p><span style=\"font-weight: 400;\">C\u00e1c tr\u00f2 ch\u01a1i t\u1ea1i J88 \u0111\u1ec1u \u0111\u01b0\u1ee3c thi\u1ebft k\u1ebf v\u1edbi t\u1ef7 l\u1ec7 th\u1eafng cao, Jackpot l\u00ean \u0111\u1ebfn h\u00e0ng t\u1ef7 \u0111\u1ed3ng, k\u00e8m theo nhi\u1ec1u khuy\u1ebfn m\u00e3i minh b\u1ea1ch. V\u1edbi h\u01a1n 200+ lo\u1ea1i k\u00e8o th\u1ec3 thao v\u00e0 Casino, t\u1eeb c\u01b0\u1ee3c ch\u1ea5p, c\u01b0\u1ee3c ch\u00e2u \u00c2u, c\u01b0\u1ee3c t\u00e0i x\u1ec9u \u0111\u1ebfn c\u00e1c k\u00e8o ph\u1ee5, h\u1ed9i vi\u00ean c\u00f3 th\u1ec3 d\u1ec5 d\u00e0ng l\u1ef1a ch\u1ecdn chi\u1ebfn l\u01b0\u1ee3c ph\u00f9 h\u1ee3p.<\/span><\/p>\n<p><span style=\"font-weight: 400;\">H\u1ec7 th\u1ed1ng ph\u1ea7n th\u01b0\u1edfng \u0111\u01b0\u1ee3c c\u1eadp nh\u1eadt li\u00ean t\u1ee5c, \u0111\u1ea3m b\u1ea3o m\u1ecdi d\u1ef1 \u0111o\u00e1n ch\u00ednh x\u00e1c \u0111\u1ec1u mang l\u1ea1i l\u1ee3i nhu\u1eadn h\u1ea5p d\u1eabn. \u0110\u1ed3ng th\u1eddi n\u00f3 c\u00f2n t\u1ea1o c\u1ea3m gi\u00e1c h\u01b0ng ph\u1ea5n v\u1edbi h\u00e0ng ngh\u00ecn l\u01b0\u1ee3t th\u1eafng c\u01b0\u1ee3c m\u1ed7i ng\u00e0y, n\u00e2ng cao tr\u1ea3i nghi\u1ec7m gi\u1ea3i tr\u00ed tr\u1ef1c tuy\u1ebfn.<\/span><\/p>\n<h3><b>N\u1ea1p r\u00fat thanh to\u00e1n si\u00eau t\u1ed1c<\/b><\/h3>\n<figure id=\"attachment_75\" aria-describedby=\"caption-attachment-75\" style=\"width: 800px\" class=\"wp-caption aligncenter\"><img loading=\"lazy\" decoding=\"async\" class=\"size-full wp-image-75\" src=\"https:\/\/faicat.in.net\/wp-content\/uploads\/2025\/11\/j88-giao-dich.webp\" alt=\"C\u00e1c giao d\u1ecbch t\u1ea1i \u0111\u00e2y c\u0169ng \u0111\u01b0\u1ee3c nh\u00e0 c\u00e1i \u0111\u1ea3m b\u1ea3o nhanh ch\u00f3ng, t\u1ee9c th\u00ec\" width=\"800\" height=\"400\" srcset=\"https:\/\/faicat.in.net\/wp-content\/uploads\/2025\/11\/j88-giao-dich.webp 800w, https:\/\/faicat.in.net\/wp-content\/uploads\/2025\/11\/j88-giao-dich-300x150.webp 300w, https:\/\/faicat.in.net\/wp-content\/uploads\/2025\/11\/j88-giao-dich-768x384.webp 768w\" sizes=\"auto, (max-width: 800px) 100vw, 800px\" \/><figcaption id=\"caption-attachment-75\" class=\"wp-caption-text\">C\u00e1c giao d\u1ecbch t\u1ea1i \u0111\u00e2y c\u0169ng \u0111\u01b0\u1ee3c nh\u00e0 c\u00e1i \u0111\u1ea3m b\u1ea3o nhanh ch\u00f3ng, t\u1ee9c th\u00ec<\/figcaption><\/figure>\n<p><span style=\"font-weight: 400;\">J88 cung c\u1ea5p nhi\u1ec1u ph\u01b0\u01a1ng th\u1ee9c thanh to\u00e1n linh ho\u1ea1t, t\u1eeb chuy\u1ec3n kho\u1ea3n ng\u00e2n h\u00e0ng, v\u00ed \u0111i\u1ec7n t\u1eed, \u0111\u1ebfn th\u1ebb c\u00e0o v\u00e0 QR Pay. Th\u1eddi gian n\u1ea1p ch\u1ec9 1 &#8211; 3 ph\u00fat, r\u00fat ti\u1ec1n t\u1ed1i \u0111a 15 ph\u00fat, gi\u00fap th\u00e0nh vi\u00ean c\u00f3 th\u1ec3 ch\u1ee7 \u0111\u1ed9ng qu\u1ea3n l\u00fd t\u00e0i ch\u00ednh.<\/span><\/p>\n<p><span style=\"font-weight: 400;\">S\u1ed1 ti\u1ec1n giao d\u1ecbch t\u1ed1i \u0111a m\u1ed7i ng\u00e0y l\u00ean t\u1edbi 500 tri\u1ec7u \u0111\u1ed3ng, \u0111\u00e1p \u1ee9ng nhu c\u1ea7u c\u1ea3 ng\u01b0\u1eddi ch\u01a1i c\u00e1 c\u01b0\u1ee3c nh\u1ecf l\u1ebb l\u1eabn cao c\u1ea5p. Giao di\u1ec7n n\u1ea1p r\u00fat tr\u1ef1c quan, h\u01b0\u1edbng d\u1eabn chi ti\u1ebft gi\u00fap m\u1ecdi \u0111\u1ed1i t\u01b0\u1ee3ng, k\u1ec3 c\u1ea3 ng\u01b0\u1eddi m\u1edbi, d\u1ec5 d\u00e0ng thao t\u00e1c m\u00e0 kh\u00f4ng g\u1eb7p tr\u1edf ng\u1ea1i.<\/span><\/p>\n<h3><b>D\u1ecbch v\u1ee5 h\u1ed7 tr\u1ee3 chuy\u00ean nghi\u1ec7p<\/b><\/h3>\n<p><span style=\"font-weight: 400;\">\u0110\u1ed9i ng\u0169 h\u1ed7 tr\u1ee3 kh\u00e1ch h\u00e0ng c\u1ee7a J88 ho\u1ea1t \u0111\u1ed9ng li\u00ean t\u1ee5c, h\u1ed7 tr\u1ee3 24\/7 qua chat tr\u1ef1c tuy\u1ebfn, Telegram, Fanpage ho\u1eb7c hotline. Nh\u00e2n vi\u00ean \u0111\u01b0\u1ee3c \u0111\u00e0o t\u1ea1o chuy\u00ean s\u00e2u, s\u1eb5n s\u00e0ng t\u01b0 v\u1ea5n t\u1eeb h\u01b0\u1edbng d\u1eabn \u0111\u0103ng k\u00fd, n\u1ea1p r\u00fat, \u0111\u1ebfn c\u00e1ch ch\u01a1i v\u00e0 x\u1eed l\u00fd s\u1ef1 c\u1ed1 k\u1ef9 thu\u1eadt.<\/span><\/p>\n<p><span style=\"font-weight: 400;\">Trung b\u00ecnh m\u1ed7i ng\u00e0y, \u0111\u1ed9i ng\u0169 x\u1eed l\u00fd h\u01a1n 1.500 y\u00eau c\u1ea7u t\u1eeb ng\u01b0\u1eddi ch\u01a1i, \u0111\u1ea3m b\u1ea3o m\u1ecdi th\u1eafc m\u1eafc \u0111\u1ec1u \u0111\u01b0\u1ee3c gi\u1ea3i quy\u1ebft nhanh ch\u00f3ng v\u00e0 ch\u00ednh x\u00e1c. D\u1ecbch v\u1ee5 t\u1eadn t\u00e2m n\u00e0y gi\u00fap ng\u01b0\u1eddi m\u1edbi c\u00f3 th\u1ec3 y\u00ean t\u00e2m tr\u1ea3i nghi\u1ec7m m\u00e0 kh\u00f4ng lo gi\u00e1n \u0111o\u1ea1n ho\u1eb7c r\u1ee7i ro.<\/span><\/p>\n<h2><b>H\u01b0\u1edbng d\u1eabn \u0111\u0103ng k\u00fd v\u00e0 b\u1eaft \u0111\u1ea7u ch\u01a1i t\u1ea1i J88 cho t\u00e2n binh<\/b><\/h2>\n<figure id=\"attachment_74\" aria-describedby=\"caption-attachment-74\" style=\"width: 800px\" class=\"wp-caption aligncenter\"><img loading=\"lazy\" decoding=\"async\" class=\"size-full wp-image-74\" src=\"https:\/\/faicat.in.net\/wp-content\/uploads\/2025\/11\/j88-dang-ky.webp\" alt=\"Quy tr\u00ecnh \u0111\u0103ng k\u00fd tham gia c\u00e1 c\u01b0\u1ee3c t\u1ea1i J88 nhanh ch\u00f3ng nh\u1ea5t\" width=\"800\" height=\"400\" srcset=\"https:\/\/faicat.in.net\/wp-content\/uploads\/2025\/11\/j88-dang-ky.webp 800w, https:\/\/faicat.in.net\/wp-content\/uploads\/2025\/11\/j88-dang-ky-300x150.webp 300w, https:\/\/faicat.in.net\/wp-content\/uploads\/2025\/11\/j88-dang-ky-768x384.webp 768w\" sizes=\"auto, (max-width: 800px) 100vw, 800px\" \/><figcaption id=\"caption-attachment-74\" class=\"wp-caption-text\">Quy tr\u00ecnh \u0111\u0103ng k\u00fd tham gia c\u00e1 c\u01b0\u1ee3c t\u1ea1i J88 nhanh ch\u00f3ng nh\u1ea5t<\/figcaption><\/figure>\n<p><span style=\"font-weight: 400;\">\u0110\u1ed1i v\u1edbi nh\u1eefng ng\u01b0\u1eddi m\u1edbi l\u00e0m quen v\u1edbi c\u00e1 c\u01b0\u1ee3c tr\u1ef1c tuy\u1ebfn, J88 cung c\u1ea5p quy tr\u00ecnh \u0111\u0103ng k\u00fd nhanh ch\u00f3ng v\u00e0 d\u1ec5 d\u00e0ng. Ch\u1ec9 v\u1edbi v\u00e0i thao t\u00e1c \u0111\u01a1n gi\u1ea3n sau \u0111\u00e2y, b\u1ea1n \u0111\u00e3 c\u00f3 th\u1ec3 t\u1ea1o t\u00e0i kho\u1ea3n, n\u1ea1p ti\u1ec1n v\u00e0 tham gia v\u00e0o c\u00e1c s\u1ea3nh Casino, th\u1ec3 thao, n\u1ed5 h\u0169 hay x\u1ed5 s\u1ed1 ngay l\u1eadp t\u1ee9c:<\/span><\/p>\n<ul>\n<li style=\"font-weight: 400;\" aria-level=\"1\"><span style=\"font-weight: 400;\">B\u01b0\u1edbc 1: Truy c\u1eadp trang ch\u1ee7 J88, nh\u1ea5n \u0111\u0103ng k\u00fd, \u0111i\u1ec1n \u0111\u1ea7y \u0111\u1ee7 th\u00f4ng tin c\u00e1 nh\u00e2n v\u00e0 m\u1eadt kh\u1ea9u, sau \u0111\u00f3 ho\u00e0n t\u1ea5t vi\u1ec7c t\u1ea1o t\u00e0i kho\u1ea3n nhanh ch\u00f3ng.<\/span><\/li>\n<li style=\"font-weight: 400;\" aria-level=\"1\"><span style=\"font-weight: 400;\">B\u01b0\u1edbc 2: Ch\u1ecdn ph\u01b0\u01a1ng th\u1ee9c n\u1ea1p ph\u00f9 h\u1ee3p nh\u01b0 ng\u00e2n h\u00e0ng, v\u00ed \u0111i\u1ec7n t\u1eed ho\u1eb7c QR Pay, USDT,&#8230;. Nh\u1eadp s\u1ed1 ti\u1ec1n mu\u1ed1n n\u1ea1p v\u00e0 ho\u00e0n t\u1ea5t giao d\u1ecbch \u0111\u1ec3 ti\u1ec1n \u0111\u01b0\u1ee3c c\u1eadp nh\u1eadt v\u00e0o t\u00e0i kho\u1ea3n.<\/span><\/li>\n<li style=\"font-weight: 400;\" aria-level=\"1\"><span style=\"font-weight: 400;\">B\u01b0\u1edbc 3: Truy c\u1eadp c\u00e1c s\u1ea3nh nh\u01b0 Casino, th\u1ec3 thao, n\u1ed5 h\u0169, b\u1eafn c\u00e1 ho\u1eb7c x\u1ed5 s\u1ed1, l\u1ef1a ch\u1ecdn tr\u00f2 ch\u01a1i ph\u00f9 h\u1ee3p v\u1edbi s\u1edf th\u00edch v\u00e0 v\u1ed1n \u0111\u1ea7u t\u01b0, b\u1eaft \u0111\u1ea7u \u0111\u1eb7t c\u01b0\u1ee3c v\u00e0 tr\u1ea3i nghi\u1ec7m.<\/span><\/li>\n<\/ul>\n<h2><b>C\u00e1c ch\u01b0\u01a1ng tr\u00ecnh \u01b0u \u0111\u00e3i HOT nh\u1ea5t trong n\u0103m t\u1ea1i nh\u00e0 c\u00e1i J88<\/b><\/h2>\n<figure id=\"attachment_76\" aria-describedby=\"caption-attachment-76\" style=\"width: 800px\" class=\"wp-caption aligncenter\"><img loading=\"lazy\" decoding=\"async\" class=\"wp-image-76 size-full\" src=\"https:\/\/faicat.in.net\/wp-content\/uploads\/2025\/11\/j88-kuyen-mai.webp\" alt=\"M\u1ed9t s\u1ed1 ch\u01b0\u01a1ng tr\u00ecnh khuy\u1ebfn m\u00e3i \u0111ang \u0111\u01b0\u1ee3c nh\u00e0 c\u00e1i J88 tri\u1ec3n khai\" width=\"800\" height=\"400\" srcset=\"https:\/\/faicat.in.net\/wp-content\/uploads\/2025\/11\/j88-kuyen-mai.webp 800w, https:\/\/faicat.in.net\/wp-content\/uploads\/2025\/11\/j88-kuyen-mai-300x150.webp 300w, https:\/\/faicat.in.net\/wp-content\/uploads\/2025\/11\/j88-kuyen-mai-768x384.webp 768w\" sizes=\"auto, (max-width: 800px) 100vw, 800px\" \/><figcaption id=\"caption-attachment-76\" class=\"wp-caption-text\">M\u1ed9t s\u1ed1 ch\u01b0\u01a1ng tr\u00ecnh khuy\u1ebfn m\u00e3i \u0111ang \u0111\u01b0\u1ee3c nh\u00e0 c\u00e1i J88 tri\u1ec3n khai<\/figcaption><\/figure>\n<p><span style=\"font-weight: 400;\">Trong su\u1ed1t nhi\u1ec1u n\u0103m ho\u1ea1t \u0111\u1ed9ng, J88 \u0111\u00e3 li\u00ean t\u1ee5c tri\u1ec3n khai c\u00e1c ch\u01b0\u01a1ng tr\u00ecnh \u01b0u \u0111\u00e3i h\u1ea5p d\u1eabn cho ng\u01b0\u1eddi m\u1edbi v\u00e0 h\u1ed9i vi\u00ean trung th\u00e0nh. Nh\u1eefng s\u1ef1 ki\u1ec7n n\u00e0y \u0111\u1ec1u mang \u0111\u1ebfn c\u01a1 h\u1ed9i t\u1ed1i \u0111a \u0111\u1ec3 t\u1eadn h\u01b0\u1edfng tr\u00f2 ch\u01a1i y\u00eau th\u00edch v\u00e0 gia t\u0103ng l\u1ee3i nhu\u1eadn hi\u1ec7u qu\u1ea3. C\u1ee5 th\u1ec3:<\/span><\/p>\n<ul>\n<li style=\"font-weight: 400;\" aria-level=\"1\"><span style=\"font-weight: 400;\">N\u1ea1p t\u1eeb 200+ m\u1ed7i ng\u00e0y \u0111\u1ec3 nh\u1eadn ph\u1ea7n th\u01b0\u1edfng t\u1ed1i \u0111a l\u00ean \u0111\u1ebfn 8.888K.<\/span><\/li>\n<li style=\"font-weight: 400;\" aria-level=\"1\"><span style=\"font-weight: 400;\">T\u00e0i kho\u1ea3n m\u1edbi \u0111\u0103ng k\u00fd \u0111\u01b0\u1ee3c t\u1eb7ng ngay 88K \u0111\u1ec3 tr\u1ea3i nghi\u1ec7m ngay.<\/span><\/li>\n<li style=\"font-weight: 400;\" aria-level=\"1\"><span style=\"font-weight: 400;\">\u0110\u1eb7t c\u01b0\u1ee3c h\u00e0ng ng\u00e0y v\u00e0 nh\u1eadn th\u01b0\u1edfng kh\u00f4ng gi\u1edbi h\u1ea1n, th\u1ecfa s\u1ee9c gi\u1ea3i tr\u00ed.<\/span><\/li>\n<li style=\"font-weight: 400;\" aria-level=\"1\"><span style=\"font-weight: 400;\">N\u1ea1p \u00edt nh\u1ea5t 2+ m\u1ed7i ng\u00e0y \u0111\u1ec3 nh\u1eadn c\u00e1c ph\u1ea7n th\u01b0\u1edfng si\u00eau h\u1ea5p d\u1eabn.<\/span><\/li>\n<li style=\"font-weight: 400;\" aria-level=\"1\"><span style=\"font-weight: 400;\">Tham gia v\u00e9 c\u01b0\u1ee3c n\u1ed5 h\u0169 may m\u1eafn, c\u01a1 h\u1ed9i tr\u00fang l\u1edbn m\u1ed7i ng\u00e0y.<\/span><\/li>\n<li style=\"font-weight: 400;\" aria-level=\"1\"><span style=\"font-weight: 400;\">Tr\u1ea3i nghi\u1ec7m b\u1eafn c\u00e1 v\u00e0 n\u1ed5 h\u0169, n\u1ea1p l\u1ea7n \u0111\u1ea7u nh\u1eadn th\u01b0\u1edfng \u0111\u1ebfn 8.888K.<\/span><\/li>\n<li style=\"font-weight: 400;\" aria-level=\"1\"><span style=\"font-weight: 400;\">Casino v\u00e0 th\u1ec3 thao, ph\u1ea7n th\u01b0\u1edfng n\u1ea1p l\u1ea7n \u0111\u1ea7u t\u1ed1i \u0111a 8.888K, c\u1ef1c k\u1ef3 h\u1ea5p d\u1eabn.<\/span><\/li>\n<li style=\"font-weight: 400;\" aria-level=\"1\"><span style=\"font-weight: 400;\">N\u1ea1p USDT l\u1ea7n \u0111\u1ea7u an to\u00e0n tuy\u1ec7t \u0111\u1ed1i, b\u1ea3o m\u1eadt tuy\u1ec7t v\u1eddi.<\/span><\/li>\n<li style=\"font-weight: 400;\" aria-level=\"1\"><span style=\"font-weight: 400;\">N\u1ea1p USDT l\u1ea7n th\u1ee9 2 nh\u1eadn th\u01b0\u1edfng ngay 5%, t\u0103ng th\u00eam l\u1ee3i nhu\u1eadn.<\/span><\/li>\n<\/ul>\n<h2><b>K\u1ebft lu\u1eadn<\/b><\/h2>\n<p><span style=\"font-weight: 400;\">Tr\u00ean \u0111\u00e2y l\u00e0 to\u00e0n b\u1ed9 nh\u1eefng th\u00f4ng tin n\u1ed5i b\u1eadt v\u1ec1 J88, t\u1eeb s\u1ea3nh c\u01b0\u1ee3c \u0111a d\u1ea1ng, c\u00f4ng ngh\u1ec7 b\u1ea3o m\u1eadt hi\u1ec7n \u0111\u1ea1i \u0111\u1ebfn c\u00e1c ch\u01b0\u01a1ng tr\u00ecnh \u01b0u \u0111\u00e3i h\u1ea5p d\u1eabn. N\u1ebfu b\u1ea1n \u0111ang t\u00ecm ki\u1ebfm tr\u1ea3i nghi\u1ec7m c\u00e1 c\u01b0\u1ee3c tr\u1ef1c tuy\u1ebfn uy t\u00edn, an to\u00e0n v\u00e0 c\u01a1 h\u1ed9i th\u1eafng l\u1edbn, \u0111\u1eebng ng\u1ea7n ng\u1ea1i \u0111\u0103ng k\u00fd v\u00e0 kh\u00e1m ph\u00e1 ngay h\u00f4m nay \u0111\u1ec3 t\u1eadn h\u01b0\u1edfng ni\u1ec1m vui v\u00e0 ph\u1ea7n th\u01b0\u1edfng h\u1ea5p d\u1eabn.<\/span><\/p>\n<\/p>\n<\/div>\n<\/div>\n<\/div>\n","protected":false},"excerpt":{"rendered":"<p>J88 &#8211; Link V\u00e0o Trang Ch\u1ee7 Nh\u00e0 C\u00e1i Ch\u00ednh Th\u1ee9c | Nh\u1eadn Ngay 88K Ra \u0111\u1eddi t\u1eeb n\u0103m 2016, J88 \u0111\u00e3 nhanh ch\u00f3ng tr\u1edf th\u00e0nh nh\u00e0 c\u00e1i gi\u1ea3i tr\u00ed uy t\u00edn h\u00e0ng \u0111\u1ea7u ch\u00e2u \u00c1. D\u01b0\u1edbi s\u1ef1 qu\u1ea3n l\u00fd c\u1ee7a li\u00ean minh ABCVIP v\u00e0 gi\u00e1m s\u00e1t nghi\u00eam ng\u1eb7t b\u1edfi PAGCOR, ch\u00fang t\u00f4i h\u1ee9a h\u1eb9n s\u1ebd [&#8230;]\n","protected":false},"author":1,"featured_media":72,"parent":0,"menu_order":0,"comment_status":"closed","ping_status":"closed","template":"","meta":{"footnotes":""},"class_list":["post-11","page","type-page","status-publish","has-post-thumbnail","hentry"],"_links":{"self":[{"href":"https:\/\/faicat.in.net\/index.php\/wp-json\/wp\/v2\/pages\/11","targetHints":{"allow":["GET"]}}],"collection":[{"href":"https:\/\/faicat.in.net\/index.php\/wp-json\/wp\/v2\/pages"}],"about":[{"href":"https:\/\/faicat.in.net\/index.php\/wp-json\/wp\/v2\/types\/page"}],"author":[{"embeddable":true,"href":"https:\/\/faicat.in.net\/index.php\/wp-json\/wp\/v2\/users\/1"}],"replies":[{"embeddable":true,"href":"https:\/\/faicat.in.net\/index.php\/wp-json\/wp\/v2\/comments?post=11"}],"version-history":[{"count":16,"href":"https:\/\/faicat.in.net\/index.php\/wp-json\/wp\/v2\/pages\/11\/revisions"}],"predecessor-version":[{"id":89,"href":"https:\/\/faicat.in.net\/index.php\/wp-json\/wp\/v2\/pages\/11\/revisions\/89"}],"wp:featuredmedia":[{"embeddable":true,"href":"https:\/\/faicat.in.net\/index.php\/wp-json\/wp\/v2\/media\/72"}],"wp:attachment":[{"href":"https:\/\/faicat.in.net\/index.php\/wp-json\/wp\/v2\/media?parent=11"}],"curies":[{"name":"wp","href":"https:\/\/api.w.org\/{rel}","templated":true}]}}